{"id":22108,"date":"2022-11-05T20:37:00","date_gmt":"2022-11-05T19:37:00","guid":{"rendered":"https:\/\/sino-africanstudies.com\/current-issue\/"},"modified":"2022-12-11T09:41:56","modified_gmt":"2022-12-11T08:41:56","slug":"current-issue","status":"publish","type":"page","link":"https:\/\/old.sino-africanstudies.com\/en\/current-issue\/","title":{"rendered":"Current Issue"},"content":{"rendered":"\n\n  <div class=\"banner has-hover\" id=\"banner-1016540576\">\n          <div class=\"banner-inner fill\">\n        <div class=\"banner-bg fill\" >\n            <div class=\"bg fill bg-fill \"><\/div>\n                                    \n                    <\/div>\n\t\t\n        <div class=\"banner-layers container\">\n            <div class=\"fill banner-link\"><\/div>            \n\n   <div id=\"text-box-2047142943\" class=\"text-box banner-layer x50 md-x50 lg-x50 y50 md-y50 lg-y50 res-text\">\n                                <div class=\"text-box-content text dark\">\n              \n              <div class=\"text-inner text-center\">\n                  \n\n\n              <\/div>\n           <\/div>\n                            \n<style>\n#text-box-2047142943 {\n  width: 60%;\n}\n#text-box-2047142943 .text-box-content {\n  font-size: 100%;\n}\n@media (min-width:550px) {\n  #text-box-2047142943 {\n    width: 60%;\n  }\n}\n<\/style>\n    <\/div>\n \n\n        <\/div>\n      <\/div>\n\n            \n<style>\n#banner-1016540576 {\n  padding-top: 0%;\n}\n#banner-1016540576 .bg.bg-loaded {\n  background-image: 8264;\n}\n#banner-1016540576 .ux-shape-divider--top svg {\n  height: 150px;\n  --divider-top-width: 100%;\n}\n#banner-1016540576 .ux-shape-divider--bottom svg {\n  height: 150px;\n  --divider-width: 100%;\n}\n<\/style>\n  <\/div>\n\n\n\n  \n    <div class=\"row large-columns-4 medium-columns-3 small-columns-1 row-small slider row-slider slider-nav-simple slider-nav-outside\"  data-flickity-options='{\"imagesLoaded\": true, \"groupCells\": \"100%\", \"dragThreshold\" : 5, \"cellAlign\": \"left\",\"wrapAround\": true,\"prevNextButtons\": true,\"percentPosition\": true,\"pageDots\": false, \"rightToLeft\": false, \"autoPlay\" : false}'>\n\n  \t<\/div>\n\n\t<div id=\"gap-2027885723\" class=\"gap-element clearfix\" style=\"display:block; height:auto;\">\n\t\t\n<style>\n#gap-2027885723 {\n  padding-top: 30px;\n}\n<\/style>\n\t<\/div>\n\t\n\n\t<div id=\"text-3329882220\" class=\"text\">\n\t\t\n\n<h5>\u00a0<\/h5>\n<h5>\u00a0<\/h5>\n<p>\u00a0<\/p>\n<h2>\u00a0<\/h2>\n<h2 class=\"alt-font\" style=\"text-align: center;\"><a href=\"https:\/\/old.sino-africanstudies.com\/wp-content\/uploads\/2022\/11\/Call-for-Papers-Vol.2-No.1-February-2023-2.pdf\" target=\"_blank\" rel=\"noopener\">Call for Papers Vol.2 No.1 February 2023 (pdf)<\/a>\u00a0<\/h2>\n<p class=\"alt-font\" style=\"text-align: center;\"><span style=\"font-size: 150%;\">Publication: Feb. 2023 2023<\/span><\/p>\n<p class=\"alt-font\" style=\"text-align: center;\">\u00a0<\/p>\n<hr \/><hr \/>\n<h5 style=\"text-align: left;\"><span style=\"font-size: 100%;\"> <a class=\"alt-font\" href=\"https:\/\/old.sino-africanstudies.com\/wp-content\/uploads\/2022\/11\/2022-Vol.1-No.1-full-issue-pdf.pdf\" target=\"_blank\" rel=\"noopener\">Vol.1 No.1 (pdf)<\/a><\/span><\/h5>\n<h5 class=\"alt-font\" style=\"text-align: left;\"><span style=\"font-size: 100%;\"> <a href=\"https:\/\/old.sino-africanstudies.com\/wp-content\/uploads\/2022\/11\/Editorial-Board-Statement.pdf\" target=\"_blank\" rel=\"noopener\">Editorial Board Statement<\/a> <strong>GONONDO Jean<\/strong><\/span><\/h5>\n<h5 class=\"alt-font\" style=\"text-align: left;\"><span style=\"font-size: 100%;\"> <a class=\"alt-font\" href=\"https:\/\/old.sino-africanstudies.com\/wp-content\/uploads\/2022\/11\/INTRODUCTION-DU-PREMIER-NUMERO-2.pdf\" target=\"_blank\" rel=\"noopener\">First Issue Introduction<\/a> <strong>WASSOUNI Fran\u00e7ois <\/strong> <\/span><\/h5>\n<p>\u00a0<\/p>\n<h5 class=\"alt-font\" style=\"text-align: center;\"><span style=\"font-size: 100%;\"><strong>I- CHINESE IN AFRICA<\/strong><\/span><\/h5>\n<h5 class=\"alt-font\" style=\"text-align: left;\"><span style=\"font-size: 100%;\"> 1. <a href=\"https:\/\/old.sino-africanstudies.com\/wp-content\/uploads\/2022\/11\/1.-MGAYA-1.pdf\">From Investors to do-it-all: Chinese immigrants, their activities and local people\u2019s perceptions in Tanzania, 1990s to present (pdf)<\/a><\/span><\/h5>\n<h5 class=\"alt-font\" style=\"text-align: left;\"><span style=\"font-size: 100%;\"> <span style=\"color: #282828;\"> <a style=\"color: #282828;\" href=\"https:\/\/orcid.org\/0000-0002-2680-3464\"><strong>MGAYA Edward Simon<\/strong><\/a>, M<\/span>kwawa University College of Education (Tanzania) 1-17<\/span><\/h5>\n<hr \/>\n<h5 class=\"alt-font\" style=\"text-align: left;\"><span style=\"font-size: 100%;\"> 2.<a href=\"https:\/\/old.sino-africanstudies.com\/wp-content\/uploads\/2022\/11\/2.-ASHENI-GABANA-1.pdf\">The Chinese in informal trade in Yaound\u00e9-Cameroon: analysis of their socio-economic contribution and their integration (1971-2018) (pdf)<\/a><\/span><\/h5>\n<h5 class=\"alt-font\" style=\"text-align: left;\"><span style=\"font-size: 100%;\"> <span style=\"color: #282828;\"><strong><a style=\"color: #282828;\" href=\"https:\/\/old.sino-africanstudies.com\/archives-2\/nyuykiwilsonasheni@gmail.com\">NYUYKI Wilson ASHENI<\/a><\/strong> &amp; <strong><a style=\"color: #282828;\" href=\"https:\/\/orcid.org\/0000-0003-2738-4959\">GABANA Jean Francis<\/a><\/strong>,<\/span> University of Maroua (Cameroon) &amp; University of Ngaound\u00e9r\u00e9 (Cameroon) 18-33<\/span><\/h5>\n<hr \/>\n<h5 class=\"alt-font\" style=\"text-align: left;\"><span style=\"font-size: 100%;\"> 3. <a href=\"https:\/\/old.sino-africanstudies.com\/wp-content\/uploads\/2022\/11\/3.-ETOMEN.pdf\">Le Multi-Level Marketing (MLM) chinois au Cameroun: un concept et ses enjeux (pdf)<\/a><\/span><\/h5>\n<h5 class=\"alt-font\" style=\"text-align: left;\"><span style=\"font-size: 100%;\"> <span style=\"color: #282828;\"><strong><a style=\"color: #282828;\" href=\"https:\/\/orcid.org\/0000-0002-5560-5037\"> ETOMEN EMIN\u00c8 Max<\/a><\/strong>,<\/span> Universit\u00e9 de Douala (Cameroun) 34-51<\/span><\/h5>\n<hr \/>\n<h5 class=\"alt-font\" style=\"text-align: left;\"><span style=\"font-size: 100%;\"> 4.<a href=\"https:\/\/old.sino-africanstudies.com\/wp-content\/uploads\/2022\/11\/4.-KOUANOU.pdf\">La contribution de la Chine au d\u00e9veloppement des infrastructures routi\u00e8res au Cameroun (pdf)<\/a><\/span><\/h5>\n<h5 class=\"alt-font\" style=\"text-align: left;\"><span style=\"font-size: 100%;\"> <span style=\"color: #282828;\"><strong><a style=\"color: #282828;\" href=\"https:\/\/old.sino-africanstudies.com\/archives-2\/rkouanou@gmail.com\">KOUANOU Rom\u00e9o Aim\u00e9<\/a><\/strong>,<\/span> Universit\u00e9 de Dschang (Cameroun) 52-66<\/span><\/h5>\n<hr \/>\n<h5 class=\"alt-font\" style=\"text-align: left;\"><span style=\"font-size: 100%;\"> 5. <a href=\"https:\/\/old.sino-africanstudies.com\/wp-content\/uploads\/2022\/11\/5.-LONGMENE.pdf\">Les Chinois en Afrique centrale francophone: comprendre les trajectoires d\u2019une pr\u00e9sence ancienne et multiforme (pdf)<\/a><\/span><\/h5>\n<h5 class=\"alt-font\" style=\"text-align: left;\"><span style=\"font-size: 100%;\"> <span style=\"color: #282828;\"><strong><a style=\"color: #282828;\" href=\"https:\/\/old.sino-africanstudies.com\/archives-2\/arnaud.longmenefopa@yahoo.fr\">LONGMENE FOPA Arnaud<\/a><\/strong>,<\/span> Universit\u00e9 de Dschang (Cameroun) 67-84<\/span><\/h5>\n<hr \/>\n<h5>\u00a0<\/h5>\n<h5 class=\"alt-font\" style=\"text-align: center;\"><span style=\"font-size: 100%;\"><strong>II- CHINESE LANGUAGE LEARNING AND TEACHING IN AFRICA <\/strong><\/span><\/h5>\n<p>\u00a0<\/p>\n<h5 class=\"alt-font\" style=\"text-align: left;\"><span style=\"font-size: 100%;\"> 6. <a href=\"https:\/\/old.sino-africanstudies.com\/wp-content\/uploads\/2022\/11\/6.-HULDA-GONONDO.pdf\">Rethinking initial teacher training model of secondary school chinese language teachers in Cameroon (pdf)<\/a><\/span><\/h5>\n<h5 class=\"alt-font\" style=\"text-align: left;\"><span style=\"font-size: 100%;\"> <span style=\"color: #282828;\"><strong><a style=\"color: #282828;\" href=\"https:\/\/orcid.org\/0000-0002-7543-8467\">HULDA Gr\u00e2ce<\/a><\/strong> &amp; <strong><a style=\"color: #282828;\" href=\"https:\/\/orcid.org\/0000-0002-0812-9541\">GONONDO Jean<\/a><\/strong><\/span>, Beijing Normal University (China) &amp; University of Maroua (Cameroon) 86-107<\/span><\/h5>\n<hr \/>\n<h5 class=\"alt-font\" style=\"text-align: left;\"><span style=\"font-size: 100%;\"> 7. <a href=\"https:\/\/old.sino-africanstudies.com\/wp-content\/uploads\/2022\/11\/7.-MAGUATCHER-HULDA-NING-2.pdf\">Autonomous learning ability of chinese language learners in Cameroon (pdf)<\/a><\/span><\/h5>\n<h5 class=\"alt-font\" style=\"text-align: left;\"><span style=\"font-size: 100%;\"> <span style=\"color: #282828;\"><strong><a style=\"color: #282828;\" href=\"https:\/\/nankai.academia.edu\/maguatcherjeremie\">MAGUATCHER Jeremie<\/a><\/strong><sup>1<\/sup>; <strong><a style=\"color: #282828;\" href=\"https:\/\/www.researchgate.net\/profile\/Hulda-Grace\">HULDA Grace<\/a><\/strong><sup>2<\/sup> &amp; <strong><a style=\"color: #282828;\" href=\"https:\/\/www.researchgate.net\/profile\/Ning-Ru\">NING Ru<\/a><\/strong><\/span><sup><span style=\"color: #282828;\">3 <\/span><\/sup>Nankai University (China)<sup>1&amp;3<\/sup>, Beijing Normal University (China)<sup>2<\/sup> 108-125<\/span><\/h5>\n<hr \/>\n<h5 class=\"alt-font\" style=\"text-align: left;\"><span style=\"font-size: 100%;\"> 8. <a href=\"https:\/\/old.sino-africanstudies.com\/wp-content\/uploads\/2022\/11\/8.-BANKUWIHA.pdf\">Impacts du Covid-19 sur l\u2019apprentissage du chinois en milieu universitaire au Burundi (pdf)<\/a><\/span><\/h5>\n<h5 class=\"alt-font\" style=\"text-align: left;\"><span style=\"font-size: 100%;\"> <span style=\"color: #282828;\"><strong><a style=\"color: #282828;\" href=\"https:\/\/orcid.org\/0000-0002-7333-4859\">BANKUWIHA Etienne<\/a><\/strong>,<\/span> Universit\u00e9 du Burundi (Burundi) 126-138<\/span><\/h5>\n<hr \/>\n<h5 class=\"alt-font\" style=\"text-align: left;\"><span style=\"font-size: 100%;\"> 9. <a href=\"https:\/\/old.sino-africanstudies.com\/wp-content\/uploads\/2022\/11\/9.-BADAWE.pdf\">Les apprenants de la langue chinoise au Cameroun: motivations, enjeux et d\u00e9fis (pdf)<\/a><\/span><\/h5>\n<h5 class=\"alt-font\" style=\"text-align: left;\"><span style=\"font-size: 100%;\"> <span style=\"color: #282828;\"><strong><a style=\"color: #282828;\" href=\"https:\/\/old.sino-africanstudies.com\/archives-2\/badaweparfait@gmail.com\"> BADAWE TONDJE Jean Parfait<\/a><\/strong>,<\/span> Universit\u00e9 de Maroua (Cameroun) 139-151<\/span><\/h5>\n<h5>\u00a0<\/h5>\n<h5 class=\"alt-font\" style=\"text-align: center;\"><span style=\"font-size: 100%;\"><strong>III- NEGRITUDE &amp; AFRICAN STUDENTS IN CHINA <\/strong><\/span><\/h5>\n<p>\u00a0<\/p>\n<h5 class=\"alt-font\" style=\"text-align: left;\"><span style=\"font-size: 100%;\"> 10. <a href=\"https:\/\/old.sino-africanstudies.com\/wp-content\/uploads\/2022\/11\/10.-GALAFA.pdf\">La n\u00e9gritude dans un milieu improbable: repr\u00e9sentation du Nosu et de l\u2019Africain dans Paroles de feu de Jidi Majia (pdf)<\/a><\/span><\/h5>\n<h5 class=\"alt-font\" style=\"text-align: left;\"><span style=\"font-size: 100%;\"> <span style=\"color: #282828;\"><strong><a style=\"color: #282828;\" href=\"https:\/\/orcid.org\/0000-0002-0928-2898\">GALAFA Beaton<\/a><\/strong>,<\/span>University of Malawi (Malawi) 153-166<\/span><\/h5>\n<hr \/>\n<h5 class=\"alt-font\" style=\"text-align: left;\"><span style=\"font-size: 100%;\"> 11.<a href=\"https:\/\/old.sino-africanstudies.com\/wp-content\/uploads\/2022\/11\/11.-LONGMENE.pdf\">Identification des noirs en Chine ancienne: revisiter l\u2019historiographie chinoise en rapport avec le monde n\u00e9gro-africain (pdf)<\/a><\/span><\/h5>\n<h5 class=\"alt-font\" style=\"text-align: left;\"><span style=\"font-size: 100%;\"> <span style=\"color: #282828;\"><strong><a style=\"color: #282828;\" href=\"https:\/\/old.sino-africanstudies.com\/archives-2\/arnaud.longmenefopa@yahoo.fr\"> LONGMEN\u00c9 FOPA Arnaud<\/a><\/strong>,<\/span> Universit\u00e9 de Dschang (Cameroun) 167-185<\/span><\/h5>\n<hr \/>\n<h5 class=\"alt-font\" style=\"text-align: left;\"><span style=\"font-size: 100%;\"> 12. <a href=\"https:\/\/old.sino-africanstudies.com\/wp-content\/uploads\/2022\/11\/12.-DJIRARO.pdf\">A narrative discourse of a cross-cultural study experience in a chinese university (pdf)<\/a><\/span><\/h5>\n<h5 class=\"alt-font\" style=\"text-align: left;\"><span style=\"font-size: 100%;\"> <span style=\"color: #282828;\"><strong><a style=\"color: #282828;\" href=\"https:\/\/orcid.org\/0000-0002-5939-8143\">DJIRARO MANGUE C\u00e9lestine Laure<\/a><\/strong>,<\/span>University of Maroua (Cameroon) 186-194<\/span><\/h5>\n<hr \/>\n<h5 class=\"alt-font\" style=\"text-align: left;\"><span style=\"font-size: 100%;\"> 13. <a href=\"https:\/\/old.sino-africanstudies.com\/wp-content\/uploads\/2022\/11\/13.-DONKENG.pdf\">Cameroon\u2019s higher education reform for socio-economic relevance and recommandations based on China\u2019s experience \u2014 a summary (pdf)<\/a><\/span><\/h5>\n<h5 class=\"alt-font\" style=\"text-align: left;\"><span style=\"font-size: 100%;\"> <span style=\"color: #282828;\"><strong><a style=\"color: #282828;\" href=\"https:\/\/old.sino-africanstudies.com\/archives-2\/nagokemit@yahoo.com\">DONKENG NAZO Armel<\/a><\/strong>,<\/span>Zhejiang Normal University ( China) 195-204<\/span><\/h5>\n<h5>\u00a0<\/h5>\n<h5 class=\"alt-font\" style=\"text-align: center;\"><span style=\"font-size: 100%;\"><strong>IV- VARIA (FOCAC, CHINESE MEDECINE AND THE HEALTH SYSTEM IN AFRICA)<\/strong><\/span><\/h5>\n<p>\u00a0<\/p>\n<h5 class=\"alt-font\" style=\"text-align: left;\"><span style=\"font-size: 100%;\"> 14. <a href=\"https:\/\/old.sino-africanstudies.com\/wp-content\/uploads\/2022\/11\/14.-ONANA.pdf\">Des conf\u00e9rences afro-asiatiques aux assises du FOCAC (1955 \u2013 2021) (pdf)<\/a><\/span><\/h5>\n<h5 class=\"alt-font\" style=\"text-align: left;\"><span style=\"font-size: 100%;\"> <span style=\"color: #282828;\"><strong><a style=\"color: #282828;\" href=\"https:\/\/old.sino-africanstudies.com\/archives-2\/onanafabrice38@yahoo.fr\">ONANA NTSA Fabrice<\/a><\/strong>,<\/span>Universit\u00e9 de Yaound\u00e9 I (Cameroun) 206-221<\/span><\/h5>\n<hr \/>\n<h5 class=\"alt-font\" style=\"text-align: left;\"><span style=\"font-size: 100%;\"> 15. <a href=\"https:\/\/old.sino-africanstudies.com\/wp-content\/uploads\/2022\/11\/15.-KEUBOU.pdf\">Appropriation de la m\u00e9decine chinoise par les tradipraticiens au Cameroun (pdf)<\/a><\/span><\/h5>\n<h5 class=\"alt-font\" style=\"text-align: left;\"><span style=\"font-size: 100%;\"> <span style=\"color: #282828;\"><strong><a style=\"color: #282828;\" href=\"https:\/\/old.sino-africanstudies.com\/archives-2\/keubou_francis@yahoo.fr\">KEUBOU D\u00e9sir\u00e9 Francis<\/a><\/strong>,<\/span> Institut Sup\u00e9rieur de Philosophie Saint-Joseph-Mukassa (Cameroun) 222-243<\/span><\/h5>\n<hr \/>\n<h5 class=\"alt-font\" style=\"text-align: left;\"><span style=\"font-size: 100%;\"> 16. <a href=\"https:\/\/old.sino-africanstudies.com\/wp-content\/uploads\/2022\/11\/16.-CHEN.pdf\">Le dilemme des r\u00e9formes n\u00e9olib\u00e9rales en Afrique post-Covid-19 (pdf<\/a><a href=\"https:\/\/old.sino-africanstudies.com\/wp-content\/uploads\/2022\/10\/16.-CHEN-1.pdf\">)<\/a><\/span><\/h5>\n<h5 class=\"alt-font\" style=\"text-align: left;\"><span style=\"font-size: 100%;\"> <span style=\"color: #282828;\"><strong><a style=\"color: #282828;\" href=\"https:\/\/old.sino-africanstudies.com\/archives-2\/estelle_chen@163.com\">CHEN Lijuan<\/a><\/strong>,<\/span>Dipl\u00f4m\u00e9e de l\u2019Universit\u00e9 de Montr\u00e9al (Canada) 244-264<\/span><\/h5>\n<p>\u00a0<\/p>\n\t\t\n<style>\n#text-3329882220 {\n  font-size: 1.1rem;\n  line-height: 1.2;\n  text-align: left;\n}\n<\/style>\n\t<\/div>\n\t\n\t<section class=\"section\" id=\"section_1898024862\">\n\t\t<div class=\"bg section-bg fill bg-fill  bg-loaded\" >\n\n\t\t\t\n\t\t\t<div class=\"section-bg-overlay absolute fill\"><\/div>\n\t\t\t\n\n\t\t<\/div>\n\n\t\t\n\n\t\t<div class=\"section-content relative\">\n\t\t\t\n\n  <div id=\"page-header-1845611911\" class=\"page-header-wrapper\">\n  <div class=\"page-title dark featured-title\">\n\n    \n    <div class=\"page-title-inner container align-center flex-row medium-flex-wrap\" >\n              <div class=\"title-wrapper flex-col text-left medium-text-center\">\n          <h1 class=\"entry-title mb-0\">\n            Current Issue          <\/h1>\n        <\/div>\n                    <div class=\"title-content flex-col flex-right text-right medium-text-center\">\n        <div class=\"title-breadcrumbs pb-half pt-half\"><nav class=\"woocommerce-breadcrumb breadcrumbs uppercase\">Home<\/nav><\/div>      <\/div>\n    <\/div>\n\n       <\/div>\n    <\/div>\n  \n\n<h2 class=\"alt-font\" style=\"text-align: center;\"><strong>Top 10 most read articles of our publication according to the DOI Resolution Reports<\/strong><\/h2>\n<div class=\"slider-wrapper relative\" id=\"slider-642499117\" >\n    <div class=\"slider slider-nav-circle slider-nav-large slider-nav-light slider-style-normal\"\n        data-flickity-options='{\n            \"cellAlign\": \"center\",\n            \"imagesLoaded\": true,\n            \"lazyLoad\": 1,\n            \"freeScroll\": false,\n            \"wrapAround\": true,\n            \"autoPlay\": 6000,\n            \"pauseAutoPlayOnHover\" : true,\n            \"prevNextButtons\": true,\n            \"contain\" : true,\n            \"adaptiveHeight\" : true,\n            \"dragThreshold\" : 10,\n            \"percentPosition\": true,\n            \"pageDots\": true,\n            \"rightToLeft\": false,\n            \"draggable\": true,\n            \"selectedAttraction\": 0.1,\n            \"parallax\" : 0,\n            \"friction\": 0.6        }'\n        >\n        \n\n\t<div class=\"img has-hover x md-x lg-x y md-y lg-y\" id=\"image_855643962\">\n\t\t<a class=\"\" href=\"https:\/\/old.sino-africanstudies.com\/wp-content\/uploads\/2022\/11\/10.-GALAFA.pdf\" target=\"_blank\" rel=\"noopener noreferrer\" >\t\t\t\t\t\t<div class=\"img-inner dark\" >\n\t\t\t<img width=\"601\" height=\"86\" src=\"https:\/\/old.sino-africanstudies.com\/wp-content\/uploads\/2022\/12\/1-2.png\" class=\"attachment-large size-large\" alt=\"1\" decoding=\"async\" loading=\"lazy\" srcset=\"https:\/\/old.sino-africanstudies.com\/wp-content\/uploads\/2022\/12\/1-2.png 601w, https:\/\/old.sino-africanstudies.com\/wp-content\/uploads\/2022\/12\/1-2-510x73.png 510w\" sizes=\"(max-width: 601px) 100vw, 601px\" \/>\t\t\t\t\t\t\n\t\t\t\t\t<\/div>\n\t\t\t\t\t\t<\/a>\t\t\n<style>\n#image_855643962 {\n  width: 100%;\n}\n<\/style>\n\t<\/div>\n\t\n\n\t<div class=\"img has-hover x md-x lg-x y md-y lg-y\" id=\"image_1704867466\">\n\t\t<a class=\"\" href=\"https:\/\/old.sino-africanstudies.com\/wp-content\/uploads\/2022\/11\/1.-MGAYA-1.pdf\" target=\"_blank\" rel=\"noopener noreferrer\" >\t\t\t\t\t\t<div class=\"img-inner dark\" >\n\t\t\t<img width=\"583\" height=\"120\" src=\"https:\/\/old.sino-africanstudies.com\/wp-content\/uploads\/2022\/12\/2-1.png\" class=\"attachment-large size-large\" alt=\"\" decoding=\"async\" loading=\"lazy\" srcset=\"https:\/\/old.sino-africanstudies.com\/wp-content\/uploads\/2022\/12\/2-1.png 583w, https:\/\/old.sino-africanstudies.com\/wp-content\/uploads\/2022\/12\/2-1-510x105.png 510w\" sizes=\"(max-width: 583px) 100vw, 583px\" \/>\t\t\t\t\t\t\n\t\t\t\t\t<\/div>\n\t\t\t\t\t\t<\/a>\t\t\n<style>\n#image_1704867466 {\n  width: 100%;\n}\n<\/style>\n\t<\/div>\n\t\n\n\t<div class=\"img has-hover x md-x lg-x y md-y lg-y\" id=\"image_652349207\">\n\t\t<a class=\"\" href=\"https:\/\/old.sino-africanstudies.com\/wp-content\/uploads\/2022\/11\/6.-HULDA-GONONDO.pdf\" target=\"_blank\" rel=\"noopener noreferrer\" >\t\t\t\t\t\t<div class=\"img-inner dark\" >\n\t\t\t<img width=\"548\" height=\"98\" src=\"https:\/\/old.sino-africanstudies.com\/wp-content\/uploads\/2022\/12\/3-1.png\" class=\"attachment-large size-large\" alt=\"\" decoding=\"async\" loading=\"lazy\" srcset=\"https:\/\/old.sino-africanstudies.com\/wp-content\/uploads\/2022\/12\/3-1.png 548w, https:\/\/old.sino-africanstudies.com\/wp-content\/uploads\/2022\/12\/3-1-510x91.png 510w\" sizes=\"(max-width: 548px) 100vw, 548px\" \/>\t\t\t\t\t\t\n\t\t\t\t\t<\/div>\n\t\t\t\t\t\t<\/a>\t\t\n<style>\n#image_652349207 {\n  width: 100%;\n}\n<\/style>\n\t<\/div>\n\t\n\n\t<div class=\"img has-hover x md-x lg-x y md-y lg-y\" id=\"image_1513607000\">\n\t\t<a class=\"\" href=\"https:\/\/old.sino-africanstudies.com\/wp-content\/uploads\/2022\/11\/12.-DJIRARO.pdf\" target=\"_blank\" rel=\"noopener noreferrer\" >\t\t\t\t\t\t<div class=\"img-inner dark\" >\n\t\t\t<img width=\"633\" height=\"96\" src=\"https:\/\/old.sino-africanstudies.com\/wp-content\/uploads\/2022\/12\/4-1.png\" class=\"attachment-large size-large\" alt=\"\" decoding=\"async\" loading=\"lazy\" srcset=\"https:\/\/old.sino-africanstudies.com\/wp-content\/uploads\/2022\/12\/4-1.png 633w, https:\/\/old.sino-africanstudies.com\/wp-content\/uploads\/2022\/12\/4-1-510x77.png 510w\" sizes=\"(max-width: 633px) 100vw, 633px\" \/>\t\t\t\t\t\t\n\t\t\t\t\t<\/div>\n\t\t\t\t\t\t<\/a>\t\t\n<style>\n#image_1513607000 {\n  width: 100%;\n}\n<\/style>\n\t<\/div>\n\t\n\n\t<div class=\"img has-hover x md-x lg-x y md-y lg-y\" id=\"image_535099260\">\n\t\t<a class=\"\" href=\"https:\/\/old.sino-africanstudies.com\/wp-content\/uploads\/2022\/11\/2.-ASHENI-GABANA-1.pdf\" target=\"_blank\" rel=\"noopener noreferrer\" >\t\t\t\t\t\t<div class=\"img-inner dark\" >\n\t\t\t<img width=\"596\" height=\"121\" src=\"https:\/\/old.sino-africanstudies.com\/wp-content\/uploads\/2022\/12\/5-1.png\" class=\"attachment-large size-large\" alt=\"\" decoding=\"async\" loading=\"lazy\" srcset=\"https:\/\/old.sino-africanstudies.com\/wp-content\/uploads\/2022\/12\/5-1.png 596w, https:\/\/old.sino-africanstudies.com\/wp-content\/uploads\/2022\/12\/5-1-510x104.png 510w\" sizes=\"(max-width: 596px) 100vw, 596px\" \/>\t\t\t\t\t\t\n\t\t\t\t\t<\/div>\n\t\t\t\t\t\t<\/a>\t\t\n<style>\n#image_535099260 {\n  width: 100%;\n}\n<\/style>\n\t<\/div>\n\t\n\n\t<div class=\"img has-hover x md-x lg-x y md-y lg-y\" id=\"image_1068609028\">\n\t\t<a class=\"\" href=\"https:\/\/old.sino-africanstudies.com\/wp-content\/uploads\/2022\/11\/3.-ETOMEN.pdf\" target=\"_blank\" rel=\"noopener noreferrer\" >\t\t\t\t\t\t<div class=\"img-inner dark\" >\n\t\t\t<img width=\"547\" height=\"102\" src=\"https:\/\/old.sino-africanstudies.com\/wp-content\/uploads\/2022\/12\/6-1.png\" class=\"attachment-large size-large\" alt=\"\" decoding=\"async\" loading=\"lazy\" srcset=\"https:\/\/old.sino-africanstudies.com\/wp-content\/uploads\/2022\/12\/6-1.png 547w, https:\/\/old.sino-africanstudies.com\/wp-content\/uploads\/2022\/12\/6-1-510x95.png 510w\" sizes=\"(max-width: 547px) 100vw, 547px\" \/>\t\t\t\t\t\t\n\t\t\t\t\t<\/div>\n\t\t\t\t\t\t<\/a>\t\t\n<style>\n#image_1068609028 {\n  width: 100%;\n}\n<\/style>\n\t<\/div>\n\t\n\n\t<div class=\"img has-hover x md-x lg-x y md-y lg-y\" id=\"image_731147201\">\n\t\t<a class=\"\" href=\"https:\/\/old.sino-africanstudies.com\/wp-content\/uploads\/2022\/11\/14.-ONANA.pdf\" target=\"_blank\" rel=\"noopener noreferrer\" >\t\t\t\t\t\t<div class=\"img-inner dark\" >\n\t\t\t<img width=\"601\" height=\"77\" src=\"https:\/\/old.sino-africanstudies.com\/wp-content\/uploads\/2022\/12\/8-1.png\" class=\"attachment-large size-large\" alt=\"\" decoding=\"async\" loading=\"lazy\" srcset=\"https:\/\/old.sino-africanstudies.com\/wp-content\/uploads\/2022\/12\/8-1.png 601w, https:\/\/old.sino-africanstudies.com\/wp-content\/uploads\/2022\/12\/8-1-510x65.png 510w\" sizes=\"(max-width: 601px) 100vw, 601px\" \/>\t\t\t\t\t\t\n\t\t\t\t\t<\/div>\n\t\t\t\t\t\t<\/a>\t\t\n<style>\n#image_731147201 {\n  width: 100%;\n}\n<\/style>\n\t<\/div>\n\t\n\n\t<div class=\"img has-hover x md-x lg-x y md-y lg-y\" id=\"image_1414180855\">\n\t\t<a class=\"\" href=\"https:\/\/old.sino-africanstudies.com\/wp-content\/uploads\/2022\/11\/5.-LONGMENE.pdf\" target=\"_blank\" rel=\"noopener noreferrer\" >\t\t\t\t\t\t<div class=\"img-inner dark\" >\n\t\t\t<img width=\"599\" height=\"98\" src=\"https:\/\/old.sino-africanstudies.com\/wp-content\/uploads\/2022\/12\/9-1.png\" class=\"attachment-large size-large\" alt=\"\" decoding=\"async\" loading=\"lazy\" srcset=\"https:\/\/old.sino-africanstudies.com\/wp-content\/uploads\/2022\/12\/9-1.png 599w, https:\/\/old.sino-africanstudies.com\/wp-content\/uploads\/2022\/12\/9-1-510x83.png 510w\" sizes=\"(max-width: 599px) 100vw, 599px\" \/>\t\t\t\t\t\t\n\t\t\t\t\t<\/div>\n\t\t\t\t\t\t<\/a>\t\t\n<style>\n#image_1414180855 {\n  width: 100%;\n}\n<\/style>\n\t<\/div>\n\t\n\n\t<div class=\"img has-hover x md-x lg-x y md-y lg-y\" id=\"image_1537889175\">\n\t\t<a class=\"\" href=\"https:\/\/old.sino-africanstudies.com\/wp-content\/uploads\/2022\/11\/8.-BANKUWIHA.pdf\" target=\"_blank\" rel=\"noopener noreferrer\" >\t\t\t\t\t\t<div class=\"img-inner dark\" >\n\t\t\t<img width=\"535\" height=\"87\" src=\"https:\/\/old.sino-africanstudies.com\/wp-content\/uploads\/2022\/12\/10-1.png\" class=\"attachment-large size-large\" alt=\"\" decoding=\"async\" loading=\"lazy\" srcset=\"https:\/\/old.sino-africanstudies.com\/wp-content\/uploads\/2022\/12\/10-1.png 535w, https:\/\/old.sino-africanstudies.com\/wp-content\/uploads\/2022\/12\/10-1-510x83.png 510w\" sizes=\"(max-width: 535px) 100vw, 535px\" \/>\t\t\t\t\t\t\n\t\t\t\t\t<\/div>\n\t\t\t\t\t\t<\/a>\t\t\n<style>\n#image_1537889175 {\n  width: 100%;\n}\n<\/style>\n\t<\/div>\n\t\n\n\n     <\/div>\n\n     <div class=\"loading-spin dark large centered\"><\/div>\n\n     \t<\/div>\n\n\n\n\t\t<\/div>\n\n\t\t\n<style>\n#section_1898024862 {\n  padding-top: 30px;\n  padding-bottom: 30px;\n  background-color: rgb(193, 193, 193);\n}\n#section_1898024862 .section-bg-overlay {\n  background-color: rgba(255, 255, 255, 0.85);\n}\n#section_1898024862 .ux-shape-divider--top svg {\n  height: 150px;\n  --divider-top-width: 100%;\n}\n#section_1898024862 .ux-shape-divider--bottom svg {\n  height: 150px;\n  --divider-width: 100%;\n}\n<\/style>\n\t<\/section>\n\t\n\n","protected":false},"excerpt":{"rendered":"","protected":false},"author":2,"featured_media":0,"parent":0,"menu_order":0,"comment_status":"closed","ping_status":"closed","template":"page-transparent-header.php","meta":[],"aioseo_notices":[],"_links":{"self":[{"href":"https:\/\/old.sino-africanstudies.com\/en\/wp-json\/wp\/v2\/pages\/22108"}],"collection":[{"href":"https:\/\/old.sino-africanstudies.com\/en\/wp-json\/wp\/v2\/pages"}],"about":[{"href":"https:\/\/old.sino-africanstudies.com\/en\/wp-json\/wp\/v2\/types\/page"}],"author":[{"embeddable":true,"href":"https:\/\/old.sino-africanstudies.com\/en\/wp-json\/wp\/v2\/users\/2"}],"replies":[{"embeddable":true,"href":"https:\/\/old.sino-africanstudies.com\/en\/wp-json\/wp\/v2\/comments?post=22108"}],"version-history":[{"count":28,"href":"https:\/\/old.sino-africanstudies.com\/en\/wp-json\/wp\/v2\/pages\/22108\/revisions"}],"predecessor-version":[{"id":22693,"href":"https:\/\/old.sino-africanstudies.com\/en\/wp-json\/wp\/v2\/pages\/22108\/revisions\/22693"}],"wp:attachment":[{"href":"https:\/\/old.sino-africanstudies.com\/en\/wp-json\/wp\/v2\/media?parent=22108"}],"curies":[{"name":"wp","href":"https:\/\/api.w.org\/{rel}","templated":true}]}}