{"id":22110,"date":"2022-11-06T09:56:18","date_gmt":"2022-11-06T08:56:18","guid":{"rendered":"https:\/\/sino-africanstudies.com\/archives\/"},"modified":"2022-11-30T09:34:57","modified_gmt":"2022-11-30T08:34:57","slug":"archives","status":"publish","type":"page","link":"https:\/\/old.sino-africanstudies.com\/en\/archives\/","title":{"rendered":"Archives"},"content":{"rendered":"\n<h2 class=\"alt-font\" style=\"text-align: center;\"><span style=\"font-size: 80%;\"><strong>Revue d&#8217;\u00c9tudes Sino-Africaines (R\u00c9SA) ~ Journal of Sino-African Studies (JSAS) ~\u300a\u4e2d\u975e\u7814\u7a76\u5b66\u520a\u300b<\/strong><strong>Octobre 2022 Vol 1, N\u00b0 1<\/strong><\/span><\/h2>\n<h3 class=\"alt-font\" style=\"text-align: center;\">\u00a0<\/h3>\n<h2 class=\"alt-font\" style=\"text-align: left;\"><span style=\"font-size: 80%;\"><strong><a href=\"https:\/\/old.sino-africanstudies.com\/wp-content\/uploads\/2022\/11\/2022-Vol.1-No.1-full-issue-pdf.pdf\">Vol.1 No.1 (full issue pdf)<\/a><\/strong><\/span><\/h2>\n<h4 class=\"alt-font\"><span style=\"font-size: 120%;\"><a href=\"https:\/\/old.sino-africanstudies.com\/wp-content\/uploads\/2022\/11\/Editorial-Board-Statement.pdf\">Mot de la R\u00e9daction \/ Editorial Board Statement<\/a> <\/span><span style=\"font-size: 90%;\"><strong>GONONDO Jean<\/strong><\/span><\/h4>\n<h4 class=\"alt-font\"><span style=\"font-size: 120%;\"><a class=\"alt-font\" href=\"https:\/\/old.sino-africanstudies.com\/wp-content\/uploads\/2022\/11\/INTRODUCTION-DU-PREMIER-NUMERO-2.pdf\">Introduction du Premier Num\u00e9ro \/ First Issue Introduction<\/a><\/span><span style=\"font-size: 90%;\"><strong>WASSOUNI Fran\u00e7ois<\/strong><\/span><\/h4>\n<hr \/>\n<h4 class=\"alt-font\" style=\"text-align: center;\"><span style=\"color: #282828; font-size: 80%;\"><strong>I- LES CHINOIS EN AFRIQUE \/ CHINESE IN AFRICA<\/strong><\/span><\/h4>\n<h4 class=\"alt-font\"><span style=\"font-size: 100%;\">1. <a href=\"https:\/\/old.sino-africanstudies.com\/wp-content\/uploads\/2022\/11\/1.-MGAYA-1.pdf\">From Investors to do-it-all: Chinese immigrants, their activities and local people&#8217;s perceptions in Tanzania, 1990s to present (pdf)<\/a><\/span><\/h4>\n<h4 class=\"alt-font\"><span style=\"font-size: 100%;\"><span style=\"color: #282828;\"><a style=\"color: #282828;\" href=\"http:\/\/orcid.org\/0000-0002-2680-3464\"><strong>MGAYA Edward Simon<\/strong><\/a>,<\/span> Mkwawa University College of Education (Tanzania) 1-17<\/span><\/h4>\n<hr \/>\n<h4 class=\"alt-font\"><span style=\"font-size: 100%;\">2.<a href=\"https:\/\/old.sino-africanstudies.com\/wp-content\/uploads\/2022\/11\/2.-ASHENI-GABANA-1.pdf\">The Chinese in informal trade in Yaound\u00e9-Cameroon: analysis of their socio-economic contribution and their integration (1971-2018) (pdf)<\/a><\/span><\/h4>\n<h4 class=\"alt-font\"><span style=\"font-size: 100%;\"><span style=\"color: #282828;\"><strong><a style=\"color: #282828;\" href=\"nyuykiwilsonasheni@gmail.com\">NYUYKI Wilson ASHENI<\/a><\/strong> &amp; <strong><a style=\"color: #282828;\" href=\"https:\/\/orcid.org\/0000-0003-2738-4959\">GABANA Jean Francis<\/a><\/strong>,<\/span> University of Maroua (Cameroon) &amp; University of Ngaound\u00e9r\u00e9 (Cameroon) 18-33<\/span><\/h4>\n<hr \/>\n<h4 class=\"alt-font\"><span style=\"font-size: 100%;\">3. <a href=\"https:\/\/old.sino-africanstudies.com\/wp-content\/uploads\/2022\/11\/3.-ETOMEN.pdf\">Le Multi-Level Marketing (MLM) chinois au Cameroun: un concept et ses enjeux (pdf)<\/a><\/span><\/h4>\n<h4 class=\"alt-font\"><span style=\"font-size: 100%;\"><span style=\"color: #282828;\"><strong><a style=\"color: #282828;\" href=\"https:\/\/orcid.org\/0000-0002-5560-5037\">ETOMEN EMIN\u00c8 Max<\/a><\/strong>,<\/span> Universit\u00e9 de Douala (Cameroun) 34-51<\/span><\/h4>\n<hr \/>\n<h4 class=\"alt-font\"><span style=\"font-size: 100%;\">4.<a href=\"https:\/\/old.sino-africanstudies.com\/wp-content\/uploads\/2022\/11\/4.-KOUANOU.pdf\">La contribution de la Chine au d\u00e9veloppement des infrastructures routi\u00e8res au Cameroun (pdf)<\/a><\/span><\/h4>\n<h4 class=\"alt-font\"><span style=\"font-size: 100%;\"><span style=\"color: #282828;\"><strong><a style=\"color: #282828;\" href=\"rkouanou@gmail.com\">KOUANOU Rom\u00e9o Aim\u00e9<\/a><\/strong>,<\/span> Universit\u00e9 de Dschang (Cameroun) 52-66<\/span><\/h4>\n<hr \/>\n<h4 class=\"alt-font\"><span style=\"font-size: 100%;\">5. <a href=\"https:\/\/old.sino-africanstudies.com\/wp-content\/uploads\/2022\/11\/5.-LONGMENE.pdf\">Les Chinois en Afrique centrale francophone: comprendre les trajectoires d&#8217;une pr\u00e9sence ancienne et multiforme (pdf)<\/a><\/span><\/h4>\n<h4 class=\"alt-font\"><span style=\"font-size: 100%;\"><span style=\"color: #282828;\"><strong><a style=\"color: #282828;\" href=\"arnaud.longmenefopa@yahoo.fr\">LONGMENE FOPA Arnaud<\/a><\/strong>,<\/span> Universit\u00e9 de Dschang (Cameroun) 67-84<\/span><\/h4>\n<hr \/><hr \/>\n<h4 class=\"alt-font\" style=\"text-align: center;\"><span style=\"color: #282828; font-size: 80%;\"><strong>II- APPRENTISSAGE &amp; ENSEIGNEMENT DE LA LANGUE CHINOISE EN AFRIQUE \/ CHINESE LANGUAGE LEARNING AND TEACHING IN AFRICA<\/strong><\/span><\/h4>\n<h4 class=\"alt-font\"><span style=\"font-size: 100%;\">6. <a href=\"https:\/\/old.sino-africanstudies.com\/wp-content\/uploads\/2022\/11\/6.-HULDA-GONONDO.pdf\">Rethinking initial teacher training model of secondary school chinese language teachers in Cameroon (pdf)<\/a><\/span><\/h4>\n<h4 class=\"alt-font\"><span style=\"font-size: 100%;\"><span style=\"color: #282828;\"><strong><a style=\"color: #282828;\" href=\"https:\/\/orcid.org\/0000-0002-7543-8467\">HULDA Gr\u00e2ce<\/a><\/strong> &amp; <strong><a style=\"color: #282828;\" href=\"https:\/\/orcid.org\/0000-0002-0812-9541\">GONONDO Jean<\/a><\/strong>,<\/span> Beijing Normal University (China) &amp; University of Maroua (Cameroon) 86-107<\/span><\/h4>\n<hr \/>\n<h4 class=\"alt-font\"><span style=\"font-size: 100%;\">7. <a href=\"https:\/\/old.sino-africanstudies.com\/wp-content\/uploads\/2022\/11\/7.-MAGUATCHER-HULDA-NING-2.pdf\">Autonomous learning ability of chinese language learners in Cameroon (pdf)<\/a><\/span><\/h4>\n<h4 class=\"alt-font\"><span style=\"font-size: 100%;\"><span style=\"color: #282828;\"><strong><a style=\"color: #282828;\" href=\"https:\/\/nankai.academia.edu\/maguatcherjeremie\">MAGUATCHER Jeremie<\/a><\/strong><sup>1<\/sup>; <strong><a style=\"color: #282828;\" href=\"https:\/\/www.researchgate.net\/profile\/Hulda-Grace\">HULDA Grace<\/a><\/strong><sup>2<\/sup> &amp; <strong><a style=\"color: #282828;\" href=\"https:\/\/www.researchgate.net\/profile\/Ning-Ru\">NING Ru<\/a><\/strong><\/span><sup><span style=\"color: #282828;\">3 <\/span><\/sup>Nankai University (China)<sup>1&amp;3<\/sup>, Beijing Normal University (China)<sup>2<\/sup> 108-125<\/span><\/h4>\n<hr \/>\n<h4 class=\"alt-font\"><span style=\"font-size: 100%;\">8. <a href=\"https:\/\/old.sino-africanstudies.com\/wp-content\/uploads\/2022\/11\/8.-BANKUWIHA.pdf\">Impacts du Covid-19 sur l&#8217;apprentissage du chinois en milieu universitaire au Burundi (pdf)<\/a><\/span><\/h4>\n<h4 class=\"alt-font\"><span style=\"font-size: 100%;\"><span style=\"color: #282828;\"><strong><a style=\"color: #282828;\" href=\"https:\/\/orcid.org\/0000-0002-7333-4859\">BANKUWIHA Etienne<\/a><\/strong>,<\/span> Universit\u00e9 du Burundi (Burundi) 126-138<\/span><\/h4>\n<hr \/>\n<h4 class=\"alt-font\"><span style=\"font-size: 100%;\">9. <a href=\"https:\/\/old.sino-africanstudies.com\/wp-content\/uploads\/2022\/11\/9.-BADAWE.pdf\">Les apprenants de la langue chinoise au Cameroun: motivations, enjeux et d\u00e9fis (pdf)<\/a><\/span><\/h4>\n<h4 class=\"alt-font\"><span style=\"font-size: 100%;\"><span style=\"color: #282828;\"><strong><a style=\"color: #282828;\" href=\"badaweparfait@gmail.com\">BADAWE TONDJE Jean Parfait<\/a><\/strong>,<\/span> Universit\u00e9 de Maroua (Cameroun) 139-151<\/span><\/h4>\n<hr \/><hr \/>\n<h4 class=\"alt-font\" style=\"text-align: center;\"><span style=\"color: #282828; font-size: 80%;\"><strong>III- NEGRITUDE &amp; \u00c9TUDIANTS AFRICAINS EN CHINE \/ NEGRITUDE &amp; AFRICAN STUDENTS IN CHINA<\/strong><\/span><\/h4>\n<h4 class=\"alt-font\"><span style=\"font-size: 100%;\">10. <a href=\"https:\/\/old.sino-africanstudies.com\/wp-content\/uploads\/2022\/11\/10.-GALAFA.pdf\">La n\u00e9gritude dans un milieu improbable: repr\u00e9sentation du Nosu et de l&#8217;Africain dans Paroles de feu de Jidi Majia (pdf)<\/a><\/span><\/h4>\n<h4 class=\"alt-font\"><span style=\"font-size: 100%;\"><span style=\"color: #282828;\"><strong><a style=\"color: #282828;\" href=\"https:\/\/orcid.org\/0000-0002-0928-2898\">GALAFA Beaton<\/a><\/strong>,<\/span>University of Malawi (Malawi) 153-166<\/span><\/h4>\n<hr \/>\n<h4 class=\"alt-font\"><span style=\"font-size: 100%;\">11.<a href=\"https:\/\/old.sino-africanstudies.com\/wp-content\/uploads\/2022\/11\/11.-LONGMENE.pdf\">Identification des noirs en Chine ancienne: revisiter l&#8217;historiographie chinoise en rapport avec le monde n\u00e9gro-africain (pdf)<\/a><\/span><\/h4>\n<h4 class=\"alt-font\"><span style=\"font-size: 100%;\"><span style=\"color: #282828;\"><strong><a style=\"color: #282828;\" href=\"arnaud.longmenefopa@yahoo.fr\">LONGMEN\u00c9 FOPA Arnaud<\/a><\/strong>,<\/span> Universit\u00e9 de Dschang (Cameroun) 167-185<\/span><\/h4>\n<hr \/>\n<h4 class=\"alt-font\"><span style=\"font-size: 100%;\">12. <a href=\"https:\/\/old.sino-africanstudies.com\/wp-content\/uploads\/2022\/11\/12.-DJIRARO.pdf\">A narrative discourse of a cross-cultural study experience in a chinese university (pdf)<\/a><\/span><\/h4>\n<h4 class=\"alt-font\"><span style=\"font-size: 100%;\"><span style=\"color: #282828;\"><strong><a style=\"color: #282828;\" href=\"https:\/\/orcid.org\/0000-0002-5939-8143\">DJIRARO MANGUE C\u00e9lestine Laure<\/a><\/strong>,<\/span> University of Maroua (Cameroon) 186-194<\/span><\/h4>\n<hr \/>\n<h4 class=\"alt-font\"><span style=\"font-size: 100%;\">13. <a href=\"https:\/\/old.sino-africanstudies.com\/wp-content\/uploads\/2022\/11\/13.-DONKENG.pdf\">Cameroon&#8217;s higher education reform for socio-economic relevance and recommandations based on China&#8217;s experience &#8212; a summary (pdf)<\/a><\/span><\/h4>\n<h4 class=\"alt-font\"><span style=\"font-size: 100%;\"><span style=\"color: #282828;\"><strong><a style=\"color: #282828;\" href=\"nagokemit@yahoo.com\">DONKENG NAZO Armel<\/a><\/strong>,<\/span> Zhejiang Normal University ( China) 195-204<\/span><\/h4>\n<hr \/><hr \/>\n<h4 class=\"alt-font\" style=\"text-align: center;\"><span style=\"color: #282828; font-size: 80%;\"><strong>IV- VARIA (FCSA, M\u00c9D\u00c9CINE CHINOISE ET SYST\u00c8ME DE SANT\u00c9 EN AFRIQUE) \/ VARIA (FOCAC, CHINESE MEDECINE AND THE HEALTH SYSTEM IN AFRICA)<\/strong><\/span><\/h4>\n<h4 class=\"alt-font\"><span style=\"font-size: 100%;\">14. <a href=\"https:\/\/old.sino-africanstudies.com\/wp-content\/uploads\/2022\/11\/14.-ONANA.pdf\">Des conf\u00e9rences afro-asiatiques aux assises du FOCAC (1955 \u2013 2021) (pdf)<\/a><\/span><\/h4>\n<h4 class=\"alt-font\"><span style=\"font-size: 100%;\"><span style=\"color: #282828;\"><strong><a style=\"color: #282828;\" href=\"onanafabrice38@yahoo.fr\">ONANA NTSA Fabrice<\/a><\/strong>,<\/span> Universit\u00e9 de Yaound\u00e9 I (Cameroun) 206-221<\/span><\/h4>\n<hr \/>\n<h4 class=\"alt-font\"><span style=\"font-size: 100%;\">15. <a href=\"https:\/\/old.sino-africanstudies.com\/wp-content\/uploads\/2022\/11\/15.-KEUBOU.pdf\">Appropriation de la m\u00e9decine chinoise par les tradipraticiens au Cameroun (pdf)<\/a><\/span><\/h4>\n<h4 class=\"alt-font\"><span style=\"font-size: 100%;\"><span style=\"color: #282828;\"><strong><a style=\"color: #282828;\" href=\"keubou_francis@yahoo.fr\">KEUBOU D\u00e9sir\u00e9 Francis<\/a><\/strong>,<\/span> Institut Sup\u00e9rieur de Philosophie Saint-Joseph-Mukassa (Cameroun) 222-243<\/span><\/h4>\n<hr \/>\n<h4 class=\"alt-font\"><span style=\"font-size: 100%;\">16. <a href=\"https:\/\/old.sino-africanstudies.com\/wp-content\/uploads\/2022\/11\/16.-CHEN.pdf\">Le dilemme des r\u00e9formes n\u00e9olib\u00e9rales en Afrique post-Covid-19 (pdf<\/a><a href=\"https:\/\/old.sino-africanstudies.com\/wp-content\/uploads\/2022\/10\/16.-CHEN-1.pdf\">)<\/a><\/span><\/h4>\n<h4 class=\"alt-font\"><span style=\"font-size: 100%;\"><span style=\"color: #282828;\"><strong><a style=\"color: #282828;\" href=\"estelle_chen@163.com\">CHEN Lijuan<\/a><\/strong>,<\/span> Dipl\u00f4m\u00e9e de l\u2019Universit\u00e9 de Montr\u00e9al (Canada) 244-264<\/span><\/h4>\n<hr \/>\n\n","protected":false},"excerpt":{"rendered":"","protected":false},"author":2,"featured_media":0,"parent":0,"menu_order":0,"comment_status":"closed","ping_status":"closed","template":"","meta":[],"aioseo_notices":[],"_links":{"self":[{"href":"https:\/\/old.sino-africanstudies.com\/en\/wp-json\/wp\/v2\/pages\/22110"}],"collection":[{"href":"https:\/\/old.sino-africanstudies.com\/en\/wp-json\/wp\/v2\/pages"}],"about":[{"href":"https:\/\/old.sino-africanstudies.com\/en\/wp-json\/wp\/v2\/types\/page"}],"author":[{"embeddable":true,"href":"https:\/\/old.sino-africanstudies.com\/en\/wp-json\/wp\/v2\/users\/2"}],"replies":[{"embeddable":true,"href":"https:\/\/old.sino-africanstudies.com\/en\/wp-json\/wp\/v2\/comments?post=22110"}],"version-history":[{"count":2,"href":"https:\/\/old.sino-africanstudies.com\/en\/wp-json\/wp\/v2\/pages\/22110\/revisions"}],"predecessor-version":[{"id":22503,"href":"https:\/\/old.sino-africanstudies.com\/en\/wp-json\/wp\/v2\/pages\/22110\/revisions\/22503"}],"wp:attachment":[{"href":"https:\/\/old.sino-africanstudies.com\/en\/wp-json\/wp\/v2\/media?parent=22110"}],"curies":[{"name":"wp","href":"https:\/\/api.w.org\/{rel}","templated":true}]}}