{"id":22116,"date":"2022-11-06T10:11:45","date_gmt":"2022-11-06T09:11:45","guid":{"rendered":"https:\/\/sino-africanstudies.com\/editorial-board-2\/"},"modified":"2022-11-06T10:12:03","modified_gmt":"2022-11-06T09:12:03","slug":"editorial-board-2","status":"publish","type":"page","link":"https:\/\/old.sino-africanstudies.com\/en\/editorial-board-2\/","title":{"rendered":"Editorial Board"},"content":{"rendered":"\n\t<section class=\"section\" id=\"section_965383399\">\n\t\t<div class=\"bg section-bg fill bg-fill  bg-loaded\" >\n\n\t\t\t\n\t\t\t\n\t\t\t\n\n\t\t<\/div>\n\n\t\t\n\n\t\t<div class=\"section-content relative\">\n\t\t\t\n\n<div class=\"row align-center\"  id=\"row-121603166\">\n\n\n\t<div id=\"col-1050132095\" class=\"col medium-6 small-12 large-12\"  >\n\t\t\t\t<div class=\"col-inner text-center\"  >\n\t\t\t\n\t\t\t\n\n\t<div id=\"gap-793457689\" class=\"gap-element clearfix\" style=\"display:block; height:auto;\">\n\t\t\n<style>\n#gap-793457689 {\n  padding-top: 30px;\n}\n<\/style>\n\t<\/div>\n\t\n\n\t<div id=\"text-1444099603\" class=\"text\">\n\t\t\n\n<p>Journal of Sino-African Studies (JSAS)<\/p>\n\t\t\n<style>\n#text-1444099603 {\n  font-size: 2rem;\n  line-height: 1.2;\n  color: rgb(0,0,0);\n}\n#text-1444099603 > * {\n  color: rgb(0,0,0);\n}\n<\/style>\n\t<\/div>\n\t\n\t<div id=\"text-920047573\" class=\"text\">\n\t\t\n\n<h2 style=\"text-align: left;\"><span style=\"color: #000000;\"><span style=\"color: #0000ff;\">Editorial Board<\/span><\/span><\/h2>\n<hr>\n<h2 style=\"text-align: left;\"><span class=\"text\">Plan<\/span><\/h2>\n<h3 style=\"text-align: left;\">Scientific Director<\/h3>\n<h3 style=\"text-align: left;\">Editor-in-Chief<\/h3>\n<h3 style=\"text-align: left;\">Scientific Committee <\/h3>\n<h3 style=\"text-align: left;\">Editorial Board<\/h3>\n<h3 style=\"text-align: left;\">Proofreading Committee<\/h3>\n<hr>\n<h3 style=\"text-align: left;\">Scientific Director<\/h3>\n<p style=\"text-align: left;\" data-animate=\"fadeIn\"><strong>Gonondo Jean<\/strong> (University of Maroua, Cameroon)<\/p>\n<h3 style=\"text-align: left;\">Editor-in-Chief<\/h3>\n<p style=\"text-align: left;\" data-animate-delay=\"500\"><strong>Djiraro Mangue C\u00e9lestine Laure<\/strong> (University of Maroua, Cameroon)<\/p>\n<h3 style=\"text-align: left;\">Scientific Committee<\/h3>\n<p style=\"text-align: left;\">Gonondo Jean (University of Maroua, Cameroon)<\/p>\n<p style=\"text-align: left;\">Djiraro Mangue C\u00e9lestine Laure (University of Maroua, Cameroon)<\/p>\n<p style=\"text-align: left;\">Nkolo Ndjodo L\u00e9on-Marie (University of Maroua, Cameroon)<\/p>\n<p style=\"text-align: left;\">Guiak\u00e9 Mathias (Institut Sup\u00e9rieur, Yaound\u00e9 Cameroon)<\/p>\n<p style=\"text-align: left;\">Haidak Gaston (Zhejiang Normal University, China)<\/p>\n<p style=\"text-align: left;\">Wang Lin ( Zhejiang Normal University, China)<\/p>\n<p style=\"text-align: left;\">Xiao Xiaofei (Jiangxin University of Medicine, China)<\/p>\n<h3 style=\"text-align: left;\">Editorial Board<\/h3>\n<p style=\"text-align: left;\">Djiraro Mangue C\u00e9lestine Laure (University of Maroua, Cameroon)<\/p>\n<p style=\"text-align: left;\">Nkolo Ndjodo L\u00e9on-Marie (University of Maroua, Cameroon)<\/p>\n<p style=\"text-align: left;\">Guiak\u00e9 Mathias (Institut Sup\u00e9rieur, Yaound\u00e9 Cameroon)<\/p>\n<p style=\"text-align: left;\">Haidak Gaston (Zhejiang Normal University, China)<\/p>\n<p style=\"text-align: left;\">Wang Lin ( Zhejiang Normal University, China)<\/p>\n<p style=\"text-align: left;\">Xiao Xiaofei (Jiangxin University of Medicine, China)<\/p>\n<h3 style=\"text-align: left;\">Proofreading Committee<\/h3>\n<p style=\"text-align: left;\">Guiak\u00e9 Mathias (Institut Sup\u00e9rieur, Yaound\u00e9 Cameroon)<\/p>\n<p style=\"text-align: left;\">Haidak Gaston (Zhejiang Normal University, China)<\/p>\n<p style=\"text-align: left;\">Wang Lin ( Zhejiang Normal University, China)<\/p>\n<p style=\"text-align: left;\">Xiao Xiaofei (Jiangxin University of Medicine, China)<\/p>\n<p style=\"text-align: left;\">Goumay Faustin (University of Maroua, Cameroon)<\/p>\n<p style=\"text-align: left;\">Nezeta Toumba Fabienne (Universit\u00e9 de Lyon, France)<\/p>\n\t\t\n<style>\n#text-920047573 {\n  line-height: 1.65;\n  color: rgb(0,0,0);\n}\n#text-920047573 > * {\n  color: rgb(0,0,0);\n}\n<\/style>\n\t<\/div>\n\t\n\n\t\t<\/div>\n\t\t\t\t\t<\/div>\n\n\t\n\n<\/div>\n<div class=\"row row-small align-equal row-box-shadow-3-hover\"  id=\"row-144642869\">\n\n\n\t<div id=\"col-586119320\" class=\"col medium-4 small-12 large-4\"  >\n\t\t\t\t<div class=\"col-inner\" style=\"background-color:rgb(255, 250, 238);\" >\n\t\t\t\n\t\t\t\n\n\n\t<a class=\"plain\" href=\"#\"  >\t<div class=\"icon-box featured-box icon-box-center text-center\"  >\n\t\t\t\t\t<div class=\"icon-box-img\" style=\"width: 330px\">\n\t\t\t\t<div class=\"icon\">\n\t\t\t\t\t<div class=\"icon-inner\" >\n\t\t\t\t\t\t<img width=\"600\" height=\"400\" src=\"https:\/\/old.sino-africanstudies.com\/wp-content\/uploads\/2022\/03\/Dr-Gonondo-Jean-600x400.jpg\" class=\"attachment-medium size-medium\" alt=\"\" decoding=\"async\" loading=\"lazy\" srcset=\"https:\/\/old.sino-africanstudies.com\/wp-content\/uploads\/2022\/03\/Dr-Gonondo-Jean-600x400.jpg 600w, https:\/\/old.sino-africanstudies.com\/wp-content\/uploads\/2022\/03\/Dr-Gonondo-Jean-1200x800.jpg 1200w, https:\/\/old.sino-africanstudies.com\/wp-content\/uploads\/2022\/03\/Dr-Gonondo-Jean-768x512.jpg 768w, https:\/\/old.sino-africanstudies.com\/wp-content\/uploads\/2022\/03\/Dr-Gonondo-Jean-1536x1024.jpg 1536w, https:\/\/old.sino-africanstudies.com\/wp-content\/uploads\/2022\/03\/Dr-Gonondo-Jean-2048x1365.jpg 2048w, https:\/\/old.sino-africanstudies.com\/wp-content\/uploads\/2022\/03\/Dr-Gonondo-Jean-510x340.jpg 510w\" sizes=\"(max-width: 600px) 100vw, 600px\" \/>\t\t\t\t\t<\/div>\n\t\t\t\t<\/div>\n\t\t\t<\/div>\n\t\t\t\t<div class=\"icon-box-text last-reset\">\n\t\t\t<h5 class=\"uppercase\">Editor-in-Chief<\/h5>\t\t\t<h6>Dr Gonondo Jean<\/h6>\t\t\t\n\n\t<div id=\"text-1440798239\" class=\"text\">\n\t\t\n\n<h5 style=\"text-align: left;\">sino-african studies<\/h5>\n<h5 style=\"text-align: left;\">China-Africa academic cooperation<\/h5>\n\t\t\n<style>\n#text-1440798239 {\n  font-size: 1rem;\n}\n@media (min-width:850px) {\n  #text-1440798239 {\n    font-size: 1.25rem;\n  }\n}\n<\/style>\n\t<\/div>\n\t\n\t<div id=\"gap-322010015\" class=\"gap-element clearfix\" style=\"display:block; height:auto;\">\n\t\t\n<style>\n#gap-322010015 {\n  padding-top: 10px;\n}\n<\/style>\n\t<\/div>\n\t\n\n<a class=\"button secondary is-link is-small\"  >\n    <span>Learn more<\/span>\n  <i class=\"icon-angle-right\" ><\/i><\/a>\n\n\n\n\t\t<\/div>\n\t<\/div>\n\t<\/a>\n\t\n\n\t\t<\/div>\n\t\t\t\t\t<\/div>\n\n\t\n\n\t<div id=\"col-254400134\" class=\"col medium-4 small-12 large-4\"  >\n\t\t\t\t<div class=\"col-inner\" style=\"background-color:rgb(235, 241, 251);\" >\n\t\t\t\n\t\t\t\n\n\n\t<a class=\"plain\" href=\"#\"  >\t<div class=\"icon-box featured-box icon-box-center text-center\"  >\n\t\t\t\t\t<div class=\"icon-box-img\" style=\"width: 330px\">\n\t\t\t\t<div class=\"icon\">\n\t\t\t\t\t<div class=\"icon-inner\" >\n\t\t\t\t\t\t<img width=\"533\" height=\"400\" src=\"https:\/\/old.sino-africanstudies.com\/wp-content\/uploads\/2022\/03\/Dr-Djiraro-Mangue-C.L-533x400.jpg\" class=\"attachment-medium size-medium\" alt=\"\" decoding=\"async\" loading=\"lazy\" srcset=\"https:\/\/old.sino-africanstudies.com\/wp-content\/uploads\/2022\/03\/Dr-Djiraro-Mangue-C.L-533x400.jpg 533w, https:\/\/old.sino-africanstudies.com\/wp-content\/uploads\/2022\/03\/Dr-Djiraro-Mangue-C.L-1066x800.jpg 1066w, https:\/\/old.sino-africanstudies.com\/wp-content\/uploads\/2022\/03\/Dr-Djiraro-Mangue-C.L-768x576.jpg 768w, https:\/\/old.sino-africanstudies.com\/wp-content\/uploads\/2022\/03\/Dr-Djiraro-Mangue-C.L-510x383.jpg 510w, https:\/\/old.sino-africanstudies.com\/wp-content\/uploads\/2022\/03\/Dr-Djiraro-Mangue-C.L.jpg 1434w\" sizes=\"(max-width: 533px) 100vw, 533px\" \/>\t\t\t\t\t<\/div>\n\t\t\t\t<\/div>\n\t\t\t<\/div>\n\t\t\t\t<div class=\"icon-box-text last-reset\">\n\t\t\t<h5 class=\"uppercase\">Editor-in-Chief<\/h5>\t\t\t<h6>Dr Djiraro Mangue C\u00e9lestine Laure<\/h6>\t\t\t\n\n\t<div id=\"text-2572655121\" class=\"text\">\n\t\t\n\n<h5 style=\"text-align: left;\">University leadership<\/h5>\n<h5 style=\"text-align: left;\">Education management<\/h5>\n\t\t\n<style>\n#text-2572655121 {\n  font-size: 1rem;\n}\n@media (min-width:850px) {\n  #text-2572655121 {\n    font-size: 1.25rem;\n  }\n}\n<\/style>\n\t<\/div>\n\t\n\t<div id=\"gap-1977344666\" class=\"gap-element clearfix\" style=\"display:block; height:auto;\">\n\t\t\n<style>\n#gap-1977344666 {\n  padding-top: 10px;\n}\n<\/style>\n\t<\/div>\n\t\n\n<a class=\"button secondary is-link is-small\"  >\n    <span>Learn more<\/span>\n  <i class=\"icon-angle-right\" ><\/i><\/a>\n\n\n\n\t\t<\/div>\n\t<\/div>\n\t<\/a>\n\t\n\n\t\t<\/div>\n\t\t\t\t\t<\/div>\n\n\t\n\n\t<div id=\"col-219072928\" class=\"col medium-4 small-12 large-4\"  >\n\t\t\t\t<div class=\"col-inner\" style=\"background-color:rgb(255, 241, 250);\" >\n\t\t\t\n\t\t\t\n\n\n\t<a class=\"plain\" href=\"#\"  >\t<div class=\"icon-box featured-box icon-box-center text-center\"  >\n\t\t\t\t\t<div class=\"icon-box-img\" style=\"width: 50px\">\n\t\t\t\t<div class=\"icon\">\n\t\t\t\t\t<div class=\"icon-inner\" >\n\t\t\t\t\t\t<img width=\"96\" height=\"96\" src=\"https:\/\/old.sino-africanstudies.com\/wp-content\/uploads\/2022\/02\/e-bike-line.png\" class=\"attachment-medium size-medium\" alt=\"\" decoding=\"async\" loading=\"lazy\" \/>\t\t\t\t\t<\/div>\n\t\t\t\t<\/div>\n\t\t\t<\/div>\n\t\t\t\t<div class=\"icon-box-text last-reset\">\n\t\t\t\t\t\t\t\t\t\n\n\t<div id=\"text-775463448\" class=\"text\">\n\t\t\n\n<h2>Transport<\/h2>\n\t\t\n<style>\n#text-775463448 {\n  font-size: 1rem;\n}\n@media (min-width:850px) {\n  #text-775463448 {\n    font-size: 1.25rem;\n  }\n}\n<\/style>\n\t<\/div>\n\t\n\t<div id=\"gap-1927926965\" class=\"gap-element clearfix\" style=\"display:block; height:auto;\">\n\t\t\n<style>\n#gap-1927926965 {\n  padding-top: 10px;\n}\n<\/style>\n\t<\/div>\n\t\n\n<a class=\"button secondary is-link is-small\"  >\n    <span>Learn more<\/span>\n  <i class=\"icon-angle-right\" ><\/i><\/a>\n\n\n\n\t\t<\/div>\n\t<\/div>\n\t<\/a>\n\t\n\n\t\t<\/div>\n\t\t\t\t\t<\/div>\n\n\t\n\n\t<div id=\"col-1858432420\" class=\"col medium-4 small-12 large-4\"  >\n\t\t\t\t<div class=\"col-inner\" style=\"background-color:rgb(237, 250, 254);\" >\n\t\t\t\n\t\t\t\n\n\n\t<a class=\"plain\" href=\"#\"  >\t<div class=\"icon-box featured-box icon-box-center text-center\"  >\n\t\t\t\t\t<div class=\"icon-box-img\" style=\"width: 50px\">\n\t\t\t\t<div class=\"icon\">\n\t\t\t\t\t<div class=\"icon-inner\" >\n\t\t\t\t\t\t<img width=\"96\" height=\"96\" src=\"https:\/\/old.sino-africanstudies.com\/wp-content\/uploads\/2022\/02\/goblet-line.png\" class=\"attachment-medium size-medium\" alt=\"\" decoding=\"async\" loading=\"lazy\" \/>\t\t\t\t\t<\/div>\n\t\t\t\t<\/div>\n\t\t\t<\/div>\n\t\t\t\t<div class=\"icon-box-text last-reset\">\n\t\t\t\t\t\t\t\t\t\n\n\t<div id=\"text-2690341397\" class=\"text\">\n\t\t\n\n<h2>Clubbing<\/h2>\n\t\t\n<style>\n#text-2690341397 {\n  font-size: 1rem;\n}\n@media (min-width:850px) {\n  #text-2690341397 {\n    font-size: 1.25rem;\n  }\n}\n<\/style>\n\t<\/div>\n\t\n\t<div id=\"gap-2001339301\" class=\"gap-element clearfix\" style=\"display:block; height:auto;\">\n\t\t\n<style>\n#gap-2001339301 {\n  padding-top: 10px;\n}\n<\/style>\n\t<\/div>\n\t\n\n<a class=\"button secondary is-link is-small\"  >\n    <span>Learn more<\/span>\n  <i class=\"icon-angle-right\" ><\/i><\/a>\n\n\n\n\t\t<\/div>\n\t<\/div>\n\t<\/a>\n\t\n\n\t\t<\/div>\n\t\t\t\t\t<\/div>\n\n\t\n\n\t<div id=\"col-1010556162\" class=\"col medium-4 small-12 large-4\"  >\n\t\t\t\t<div class=\"col-inner\" style=\"background-color:rgb(241, 234, 254);\" >\n\t\t\t\n\t\t\t\n\n\n\t<a class=\"plain\" href=\"#\"  >\t<div class=\"icon-box featured-box icon-box-center text-center\"  >\n\t\t\t\t\t<div class=\"icon-box-img\" style=\"width: 50px\">\n\t\t\t\t<div class=\"icon\">\n\t\t\t\t\t<div class=\"icon-inner\" >\n\t\t\t\t\t\t<img width=\"96\" height=\"96\" src=\"https:\/\/old.sino-africanstudies.com\/wp-content\/uploads\/2022\/02\/basketball-line.png\" class=\"attachment-medium size-medium\" alt=\"\" decoding=\"async\" loading=\"lazy\" \/>\t\t\t\t\t<\/div>\n\t\t\t\t<\/div>\n\t\t\t<\/div>\n\t\t\t\t<div class=\"icon-box-text last-reset\">\n\t\t\t\t\t\t\t\t\t\n\n\t<div id=\"text-512084486\" class=\"text\">\n\t\t\n\n<h2>Sports<\/h2>\n\t\t\n<style>\n#text-512084486 {\n  font-size: 1rem;\n}\n@media (min-width:850px) {\n  #text-512084486 {\n    font-size: 1.25rem;\n  }\n}\n<\/style>\n\t<\/div>\n\t\n\t<div id=\"gap-521196866\" class=\"gap-element clearfix\" style=\"display:block; height:auto;\">\n\t\t\n<style>\n#gap-521196866 {\n  padding-top: 10px;\n}\n<\/style>\n\t<\/div>\n\t\n\n<a class=\"button secondary is-link is-small\"  >\n    <span>Learn more<\/span>\n  <i class=\"icon-angle-right\" ><\/i><\/a>\n\n\n\n\t\t<\/div>\n\t<\/div>\n\t<\/a>\n\t\n\n\t\t<\/div>\n\t\t\t\t\t<\/div>\n\n\t\n\n\t<div id=\"col-391510092\" class=\"col medium-4 small-12 large-4\"  >\n\t\t\t\t<div class=\"col-inner\" style=\"background-color:rgb(228, 248, 246);\" >\n\t\t\t\n\t\t\t\n\n\n\t<a class=\"plain\" href=\"#\"  >\t<div class=\"icon-box featured-box icon-box-center text-center\"  >\n\t\t\t\t\t<div class=\"icon-box-img\" style=\"width: 50px\">\n\t\t\t\t<div class=\"icon\">\n\t\t\t\t\t<div class=\"icon-inner\" >\n\t\t\t\t\t\t<img width=\"96\" height=\"96\" src=\"https:\/\/old.sino-africanstudies.com\/wp-content\/uploads\/2022\/02\/suitcase-line.png\" class=\"attachment-medium size-medium\" alt=\"\" decoding=\"async\" loading=\"lazy\" \/>\t\t\t\t\t<\/div>\n\t\t\t\t<\/div>\n\t\t\t<\/div>\n\t\t\t\t<div class=\"icon-box-text last-reset\">\n\t\t\t\t\t\t\t\t\t\n\n\t<div id=\"text-2656461166\" class=\"text\">\n\t\t\n\n<h2>Travel<\/h2>\n\t\t\n<style>\n#text-2656461166 {\n  font-size: 1rem;\n}\n@media (min-width:850px) {\n  #text-2656461166 {\n    font-size: 1.25rem;\n  }\n}\n<\/style>\n\t<\/div>\n\t\n\t<div id=\"gap-1827207038\" class=\"gap-element clearfix\" style=\"display:block; height:auto;\">\n\t\t\n<style>\n#gap-1827207038 {\n  padding-top: 10px;\n}\n<\/style>\n\t<\/div>\n\t\n\n<a class=\"button secondary is-link is-small\"  >\n    <span>Learn more<\/span>\n  <i class=\"icon-angle-right\" ><\/i><\/a>\n\n\n\n\t\t<\/div>\n\t<\/div>\n\t<\/a>\n\t\n\n\t\t<\/div>\n\t\t\t\t\t<\/div>\n\n\t\n\n\n<style>\n#row-144642869 > .col > .col-inner {\n  padding: 30px 20px 30px 20px;\n  border-radius: 5px;\n}\n@media (min-width:850px) {\n  #row-144642869 > .col > .col-inner {\n    padding: 70px 40px 70px 40px;\n  }\n}\n<\/style>\n<\/div>\n\n\t\t<\/div>\n\n\t\t\n<style>\n#section_965383399 {\n  padding-top: 40px;\n  padding-bottom: 40px;\n}\n#section_965383399 .ux-shape-divider--top svg {\n  height: 150px;\n  --divider-top-width: 100%;\n}\n#section_965383399 .ux-shape-divider--bottom svg {\n  height: 150px;\n  --divider-width: 100%;\n}\n@media (min-width:550px) {\n  #section_965383399 {\n    padding-top: 70px;\n    padding-bottom: 70px;\n  }\n}\n<\/style>\n\t<\/section>\n\t\n\n","protected":false},"excerpt":{"rendered":"","protected":false},"author":3,"featured_media":0,"parent":0,"menu_order":0,"comment_status":"closed","ping_status":"closed","template":"","meta":[],"aioseo_notices":[],"_links":{"self":[{"href":"https:\/\/old.sino-africanstudies.com\/en\/wp-json\/wp\/v2\/pages\/22116"}],"collection":[{"href":"https:\/\/old.sino-africanstudies.com\/en\/wp-json\/wp\/v2\/pages"}],"about":[{"href":"https:\/\/old.sino-africanstudies.com\/en\/wp-json\/wp\/v2\/types\/page"}],"author":[{"embeddable":true,"href":"https:\/\/old.sino-africanstudies.com\/en\/wp-json\/wp\/v2\/users\/3"}],"replies":[{"embeddable":true,"href":"https:\/\/old.sino-africanstudies.com\/en\/wp-json\/wp\/v2\/comments?post=22116"}],"version-history":[{"count":5,"href":"https:\/\/old.sino-africanstudies.com\/en\/wp-json\/wp\/v2\/pages\/22116\/revisions"}],"predecessor-version":[{"id":22121,"href":"https:\/\/old.sino-africanstudies.com\/en\/wp-json\/wp\/v2\/pages\/22116\/revisions\/22121"}],"wp:attachment":[{"href":"https:\/\/old.sino-africanstudies.com\/en\/wp-json\/wp\/v2\/media?parent=22116"}],"curies":[{"name":"wp","href":"https:\/\/api.w.org\/{rel}","templated":true}]}}