{"id":23370,"date":"2023-05-18T12:04:52","date_gmt":"2023-05-18T11:04:52","guid":{"rendered":"https:\/\/sino-africanstudies.com\/%e6%9c%9f-1-4%e6%9c%88\/"},"modified":"2024-05-07T15:00:29","modified_gmt":"2024-05-07T14:00:29","slug":"%e6%9c%9f-1-4%e6%9c%88","status":"publish","type":"page","link":"https:\/\/old.sino-africanstudies.com\/zh-hans\/%e6%9c%9f-1-4%e6%9c%88\/","title":{"rendered":"\u671f 1 (4\u6708)"},"content":{"rendered":"\n<h2 class=\"alt-font\"><strong>Revue d\u2019\u00c9tudes Sino-Africaines (R\u00c9SA) ~ Journal of Sino-African Studies (JSAS) ~\u300a\u4e2d\u975e\u7814\u7a76\u5b66\u520a\u300bAvril<\/strong><strong> 2023 Vol 2, N\u00b0 1<\/strong><\/h2>\n<p> <\/p>\n<h4 class=\"alt-font\"><a href=\"https:\/\/old.sino-africanstudies.com\/wp-content\/uploads\/2023\/04\/Mot-de-la-Redaction_Editorial-Board-Statement.pdf\" target=\"_blank\" rel=\"noopener\">\u4e3b\u7f16\u5f15\u8a00<\/a> <strong>Gonondo Jean<\/strong><\/h4>\n<h4 class=\"alt-font\"><a href=\"https:\/\/old.sino-africanstudies.com\/wp-content\/uploads\/2023\/04\/0.-Introduction_-Initiative-la-Ceinture-et-la-Route-et-le-developpement-en-Afrique.pdf\" target=\"_blank\" rel=\"noopener\">Introduction: \u00ab Initiative la Ceinture et la Route \u00bb et le developpement en Afrique<\/a> <strong>Diallo Yoro<\/strong><\/h4>\n<hr>\n<h4 class=\"alt-font\"><span style=\"font-size: 100%;\"><a class=\"alt-font\" href=\"https:\/\/old.sino-africanstudies.com\/wp-content\/uploads\/2023\/04\/1.-Chen_Chinas-special-economic-zones-and-the-industrialisation-of-Africa.pdf\" target=\"_blank\" rel=\"noopener\">China&#8217;s special economic zones and the industrialisation of Africa <\/a> 1-20<\/span><\/h4>\n<p class=\"alt-font\"><strong>Chen Lijuan<\/strong>, Universit\u00e9 de Montr\u00e9al (Canada)<\/p>\n<h4 class=\"alt-font\"><span style=\"font-size: 100%;\"><a href=\"https:\/\/old.sino-africanstudies.com\/wp-content\/uploads\/2023\/04\/2.-Guiake-et-al._Formation-en-Chine-et-employabilite-des-diplomes-camerounais-de-retour-au-pays.pdf\" target=\"_blank\" rel=\"noopener\">Formation en Chine et employabilit\u00e9 des dipl\u00f4m\u00e9s camerounais de retour au pays<\/a> 21-35<\/span><\/h4>\n<p class=\"alt-font\"><sup>\u2460<\/sup><strong>Guiak\u00e9 Mathias<\/strong>, <sup>\u2461<\/sup><strong>Gonondo Jean<\/strong> &amp; <sup>\u2462<\/sup><strong>B\u00e9ch\u00e9 Emmanuel<\/strong>;<\/p>\n<p class=\"alt-font\"><sup>\u2460<\/sup>Universit\u00e9 de Yaound\u00e9 1 (Cameroun), <sup>\u2461<\/sup><sup>&amp;<\/sup><sup>\u2462<\/sup>Universit\u00e9 de Maroua (Cameroun)<\/p>\n<h4 class=\"alt-font\"><span style=\"font-size: 100%;\"><a href=\"https:\/\/old.sino-africanstudies.com\/wp-content\/uploads\/2023\/04\/3.-Nkolo-Ndjodo_Enjeux-et-defis-du-XXeme-Congres-National-du-Parti-Communiste-Chinois.pdf\" target=\"_blank\" rel=\"noopener\">Enjeux et d\u00e9fis du XX\u00e8me Congr\u00e8s National du Parti Communiste Chinois<\/a> 36-51<\/span><\/h4>\n<p class=\"alt-font\"><strong>Nkolo Ndjodo L\u00e9on-Marie<\/strong>, Universit\u00e9 de Maroua (Cameroun)<\/p>\n<h4 class=\"alt-font\"><span style=\"font-size: 100%;\">La \u00ab diplomatie agricole \u00bb chinoise en Afrique esquisse d&#8217;analyse d&#8217;une forme de \u00ab Land Grab \u00bb atypique 52-67<\/span><\/h4>\n<p class=\"alt-font\"><strong>Mbeng Dang Hanse Gilbert<\/strong>, Universit\u00e9 de Douala (Cameroun)<\/p>\n<h4 class=\"alt-font\"><span style=\"font-size: 100%;\"><a href=\"https:\/\/old.sino-africanstudies.com\/wp-content\/uploads\/2023\/04\/5.-Moumbaya_La-cooperation-franco-camerounaise-face-au-deploiement-chinois-en-Afrique%E2%80%94%E2%80%94du-privilege-au-rejet-1986-2021.pdf\" target=\"_blank\" rel=\"noopener\">La coop\u00e9ration franco-camerounaise face au d\u00e9ploiement chinois en Afrique: du privil\u00e8ge au rejet (1986-2021)<\/a> 68-80<\/span><\/h4>\n<p class=\"alt-font\"><strong>Moumbagna Youssouf-Laplage<\/strong>, Universit\u00e9 de Bertoua (Cameroun)<\/p>\n<h4 class=\"alt-font\"><span style=\"font-size: 100%;\">Coop\u00e9ration culturelle et tourisme \u00e0 l\u2019aune de \u00ab la Ceinture et la Route \u00bb entre la Chine-Afrique: enjeux et d\u00e9fis des dynamiques transitionnelles 81-93<\/span><\/h4>\n<p class=\"alt-font\"><strong>Mbeng Dang Hanse Gilbert &amp; Ligue Engamba Fernando<\/strong>, Universit\u00e9 de Douala (Cameroun) &amp; Universit\u00e9 de Ngaound\u00e9r\u00e9 (Cameroun)<\/p>\n<h4 class=\"alt-font\"><span style=\"font-size: 100%;\"><a href=\"https:\/\/old.sino-africanstudies.com\/wp-content\/uploads\/2023\/04\/7-Galafa_Retracer-une-camaraderie-sino-africaine-dans-China-Poems-1975-de-Dennis-Brutus.pdf\" target=\"_blank\" rel=\"noopener\">Retracer une camaraderie sino-africaine dans China Poems (1975) de Dennis Brutus<\/a> 94-108<\/span><\/h4>\n<p class=\"alt-font\"><strong>Galafa Beaton<\/strong>, University of Malawi (Malawi)<\/p>\n<h4 class=\"alt-font\"><span style=\"font-size: 100%;\"><a href=\"https:\/\/old.sino-africanstudies.com\/wp-content\/uploads\/2023\/04\/8.-Qi-Gonondo_%E4%B8%AD%E5%9B%BD%E4%B8%8E%E5%96%80%E9%BA%A6%E9%9A%86%E4%B8%83%E5%8D%81%E5%B9%B4%E6%9D%A5%E7%9A%84%E6%96%87%E5%AD%A6%E4%BA%A4%E6%B5%81%E5%8F%B2%E7%95%A5.pdf\" target=\"_blank\" rel=\"noopener\">\u4e2d\u56fd\u4e0e\u5580\u9ea6\u9686\u4e03\u5341\u5e74\u6765\u7684\u6587\u5b66\u4ea4\u6d41\u53f2\u7565<\/a> 109-126<\/span><\/h4>\n<p class=\"alt-font\"><strong>Qi Lindong &amp; Gonondo Jean<\/strong>, Beijing Shunyi District No. 1 Middle School (China) &amp; University of Maroua (Cameroon)<\/p>\n<h4 class=\"alt-font\"><span style=\"font-size: 100%;\"><a href=\"https:\/\/old.sino-africanstudies.com\/wp-content\/uploads\/2023\/04\/9.-Taling-Tene_%E8%A7%A3%E9%87%8A%E5%AD%A6%E8%A7%86%E9%87%8E%E4%B8%8B%E9%9D%9E%E6%B4%B2%E5%8F%97%E4%BC%97%E5%AF%B9%E4%B8%AD%E5%9B%BD%E5%8A%9F%E5%A4%AB%E7%89%87%E7%9A%84%E7%90%86%E8%A7%A3.pdf\" target=\"_blank\" rel=\"noopener\">\u89e3\u91ca\u5b66\u89c6\u91ce\u4e0b\u975e\u6d32\u53d7\u4f17\u5bf9\u4e2d\u56fd\u529f\u592b\u7247\u7684\u7406\u89e3<\/a> 127-134<\/span><\/h4>\n<p class=\"alt-font\"><strong>Taling T\u00e9n\u00e9 Rodrigue<\/strong>, Universit\u00e9 Normale de Zhejiang (Chine)<\/p>\n<h4 class=\"alt-font\"><span style=\"font-size: 100%;\"><a class=\"alt-font\" href=\"https:\/\/old.sino-africanstudies.com\/wp-content\/uploads\/2023\/04\/10.-Taling-Tene_%E4%B8%AD%E5%9B%BD%E5%8A%9F%E5%A4%AB%E8%BF%BD%E6%A2%A6%E8%80%85%E7%BB%8F%E9%AA%8C%E7%9A%84%E5%8F%99%E8%BF%B0%E8%AF%9D%E8%AF%AD.pdf\" target=\"_blank\" rel=\"noopener\">\u4e2d\u56fd\u529f\u592b\u8ffd\u68a6\u8005\u7ecf\u9a8c\u7684\u53d9\u8ff0\u8bdd\u8bed<\/a> 135-141<\/span><\/h4>\n<p class=\"alt-font\"><strong>Taling T\u00e9n\u00e9 Rodrigue<\/strong>, Universit\u00e9 Normale de Zhejiang (Chine)<\/p>\n\n","protected":false},"excerpt":{"rendered":"","protected":false},"author":3,"featured_media":0,"parent":0,"menu_order":0,"comment_status":"closed","ping_status":"closed","template":"","meta":[],"aioseo_notices":[],"_links":{"self":[{"href":"https:\/\/old.sino-africanstudies.com\/zh-hans\/wp-json\/wp\/v2\/pages\/23370"}],"collection":[{"href":"https:\/\/old.sino-africanstudies.com\/zh-hans\/wp-json\/wp\/v2\/pages"}],"about":[{"href":"https:\/\/old.sino-africanstudies.com\/zh-hans\/wp-json\/wp\/v2\/types\/page"}],"author":[{"embeddable":true,"href":"https:\/\/old.sino-africanstudies.com\/zh-hans\/wp-json\/wp\/v2\/users\/3"}],"replies":[{"embeddable":true,"href":"https:\/\/old.sino-africanstudies.com\/zh-hans\/wp-json\/wp\/v2\/comments?post=23370"}],"version-history":[{"count":1,"href":"https:\/\/old.sino-africanstudies.com\/zh-hans\/wp-json\/wp\/v2\/pages\/23370\/revisions"}],"predecessor-version":[{"id":23429,"href":"https:\/\/old.sino-africanstudies.com\/zh-hans\/wp-json\/wp\/v2\/pages\/23370\/revisions\/23429"}],"wp:attachment":[{"href":"https:\/\/old.sino-africanstudies.com\/zh-hans\/wp-json\/wp\/v2\/media?parent=23370"}],"curies":[{"name":"wp","href":"https:\/\/api.w.org\/{rel}","templated":true}]}}